
{"id":22,"date":"2018-05-21T19:48:58","date_gmt":"2018-05-21T19:48:58","guid":{"rendered":"http:\/\/greenwins.com.br\/fr\/?page_id=22"},"modified":"2019-09-10T14:10:44","modified_gmt":"2019-09-10T14:10:44","slug":"le-reutilisable","status":"publish","type":"page","link":"https:\/\/www.greenwins.ch\/fr\/le-reutilisable\/","title":{"rendered":"RVM"},"content":{"rendered":"<p><img loading=\"lazy\" class=\"alignnone size-full wp-image-340\" src=\"http:\/\/www.greenwins.ch\/fr\/wp-content\/uploads\/2019\/09\/RVM-2.jpg\" alt=\"\" width=\"100%\" height=\"auto\" srcset=\"https:\/\/www.greenwins.ch\/fr\/wp-content\/uploads\/2019\/09\/RVM-2.jpg 1200w, https:\/\/www.greenwins.ch\/fr\/wp-content\/uploads\/2019\/09\/RVM-2-300x75.jpg 300w, https:\/\/www.greenwins.ch\/fr\/wp-content\/uploads\/2019\/09\/RVM-2-768x192.jpg 768w, https:\/\/www.greenwins.ch\/fr\/wp-content\/uploads\/2019\/09\/RVM-2-1024x256.jpg 1024w\" sizes=\"(max-width: 1200px) 100vw, 1200px\" \/><\/p>\n<p style=\"text-align: left;\">CashCups est un maillon manquant du processus de la d\u00e9consignation moderne. La borne a \u00e9t\u00e9 con\u00e7ue en partenariat avec ecomanif pour faciliter l\u2019adoption du gobelet r\u00e9utilisable. En quelques secondes, elle peut d\u00e9tecter, analyser et trier les gobelets r\u00e9utilisables, ainsi que rembourser la consigne par le moyen de TWINT.<\/p>\n<h2>Pourquoi CashCups est une excellente solution?<\/h2>\n<p style=\"text-align: left;\">Faire la queue pour r\u00e9cup\u00e9rer de l&rsquo;argent fait partie des choses les plus ennuyantes ! Le client souhaite une solution pratique et rapide lui permettant profiter pleinement de l&rsquo;\u00e9v\u00e9nement ou de ses activit\u00e9s. Et son niveau de satisfaction a un impact direct sur les revenus et la r\u00e9putation des organisateurs. C\u2019est pour cela que CashCups a \u00e9t\u00e9 cr\u00e9\u00e9 et transforme la d\u00e9consignation manuelle en une activit\u00e9 ludique et rapide.<\/p>\n<h2>CashCups offre de nombreux avantages<\/h2>\n<ul style=\"font-size: 18px;\">\n<li>retour des gobelets r\u00e9utilisables 24\/7 en seulement 10 secondes via TWINT (ou autre solution)\u00a0;<\/li>\n<li>moins de files d&rsquo;attente, plus de revenus de la vente de boissons\u00a0;<\/li>\n<li>facilit\u00e9 de maintenance et de gestion des bornes : surveillance \u00e0 distance\u00a0;<\/li>\n<li>r\u00e9duction des co\u00fbts op\u00e9rationnels: service en plus sans main-d\u2019\u0153uvre suppl\u00e9mentaire\u00a0;<\/li>\n<li>capitalisation sur l\u2019espace publicitaire de l\u2019\u00e9cran\u00a0;<\/li>\n<li>sponsoring sur le corps de la borne\u00a0;<\/li>\n<li>programmes de dons \u00e0 l&rsquo;\u00e9cran (pour une ONG ou une communaut\u00e9 locale )\u00a0;<\/li>\n<li>engagement avec l&rsquo;utilisateur via la RSE (responsabilit\u00e9 sociale des entreprises)\u2026<\/li>\n<\/ul>\n<p><img loading=\"lazy\" class=\"alignnone size-full wp-image-342\" src=\"http:\/\/www.greenwins.ch\/fr\/wp-content\/uploads\/2019\/09\/RVM4.jpg\" alt=\"\" width=\"100%\" height=\"auto\" srcset=\"https:\/\/www.greenwins.ch\/fr\/wp-content\/uploads\/2019\/09\/RVM4.jpg 1200w, https:\/\/www.greenwins.ch\/fr\/wp-content\/uploads\/2019\/09\/RVM4-300x75.jpg 300w, https:\/\/www.greenwins.ch\/fr\/wp-content\/uploads\/2019\/09\/RVM4-768x192.jpg 768w, https:\/\/www.greenwins.ch\/fr\/wp-content\/uploads\/2019\/09\/RVM4-1024x256.jpg 1024w\" sizes=\"(max-width: 1200px) 100vw, 1200px\" \/><\/p>\n<div class=\"meia esquerda\"><iframe loading=\"lazy\" src=\"https:\/\/www.youtube.com\/embed\/IyXecX1VK-w\" width=\"100%\" height=\"315\" frameborder=\"0\" allowfullscreen=\"allowfullscreen\"><\/iframe><\/div>\n<div class=\"meia esquerda\">\n<h2>Comment \u00e7a marche?<\/h2>\n<ol style=\"font-size: 18px;\">\n<li>L\u2019utilisateur arrive \u00e0 la borne avec ses gobelets et choisit une langue<\/li>\n<li>Il vide et d\u00e9pose ses gobelets<\/li>\n<li>Il choisit soit le remboursement, ou une donation<\/li>\n<li>Il scanne le QR code TWINT<\/li>\n<li>Il termine le processus<\/li>\n<\/ol>\n<\/div>\n<div class=\"inteira\">\n<h2>Offre<\/h2>\n<p>Location de courte ou longue dur\u00e9e. Un mois d\u2019essai pour d\u00e9couvrir les avantages.<\/p>\n<p><a href=\"http:\/\/www.greenwins.ch\/fr\/wp-content\/uploads\/2019\/09\/Flyer_Borne_CashCups_Fran%C3%A7ais_Complet.pdf\" target=\"_blank\" rel=\"noopener\"><strong>T\u00e9l\u00e9charger votre brochure ici!<\/strong><\/a><\/p>\n<\/div>\n<div class=\"green-background\">\n<p><img loading=\"lazy\" class=\"size-full wp-image-318 alignleft\" src=\"http:\/\/www.greenwins.ch\/fr\/wp-content\/uploads\/2019\/09\/ecomanif.png\" alt=\"\" width=\"253\" height=\"654\" srcset=\"https:\/\/www.greenwins.ch\/fr\/wp-content\/uploads\/2019\/09\/ecomanif.png 253w, https:\/\/www.greenwins.ch\/fr\/wp-content\/uploads\/2019\/09\/ecomanif-116x300.png 116w\" sizes=\"(max-width: 253px) 100vw, 253px\" \/><\/p>\n<p>ecomanif\u00ae est bas\u00e9 \u00e0 Yverdon-les-Bains et offre les services de location et de lavage de la vaisselle r\u00e9utilisable depuis 2010, tant pour des petits \u00e9v\u00e9nements que pour des grands festivals o\u00f9 des milliers de personnes se rassemblent et consomment sur place. De ce fait, ecomanif\u00ae aide \u00e0 r\u00e9duire efficacement le bilan carbone de ses clients organisateurs de manifestations.<\/p>\n<p>Parmi les forces d\u2019ecomanif\u00ae, citons la r\u00e9activit\u00e9, l\u2019implication sociale et environnementale, y compris l\u2019int\u00e9r\u00eat pour les projets innovants afin de pouvoir rendre la vaisselle r\u00e9utilisable toujours plus accessible en d\u00e9pit des circonstances dans lesquelles elle est utilis\u00e9e (petites f\u00eates, \u00e9v\u00e9nements, entreprises).<\/p>\n<p>Le segment de l\u2019\u00e9v\u00e8nementiel \u00e9coresponsable connait une hausse de 15-30% par an, et ecomanif\u00ae est d\u00e9j\u00e0 pr\u00e9sent dans 80% des manifestations en Suisse romande, o\u00f9 l\u2019organisateur pr\u00e9f\u00e8re les gobelets r\u00e9utilisables.<\/p>\n<p>Les deux entreprises ont une strat\u00e9gie pour ce nouveau produit sur le march\u00e9 suisse et sont ouvertes \u00e0 des partenariats avec des universit\u00e9s, des gestionnaires de la DA, des cantines, des centres commerciaux, des fournisseurs de gobelets r\u00e9utilisables, etc.<\/p>\n<p><strong>GreenWinsTM et ecomanif\u00ae ont pr\u00e9sent\u00e9 les dix premi\u00e8res machines \u00e0 la F\u00eate des Vignerons 2019.<\/strong><\/p>\n<p><a href=\"http:\/\/www.ecomanif.ch\">www.ecomanif.ch<\/a><\/p>\n<\/div>\n","protected":false},"excerpt":{"rendered":"<p>CashCups est un maillon manquant du processus de la d\u00e9consignation moderne. La borne a \u00e9t\u00e9 con\u00e7ue en partenariat avec ecomanif pour faciliter l\u2019adoption du gobelet r\u00e9utilisable. En quelques secondes, elle peut d\u00e9tecter, analyser et trier les gobelets r\u00e9utilisables, ainsi que rembourser la consigne par le moyen de TWINT. Pourquoi CashCups est une excellente solution? Faire [&hellip;]<\/p>\n","protected":false},"author":1,"featured_media":0,"parent":0,"menu_order":0,"comment_status":"closed","ping_status":"closed","template":"","meta":[],"acf":[],"_links":{"self":[{"href":"https:\/\/www.greenwins.ch\/fr\/wp-json\/wp\/v2\/pages\/22"}],"collection":[{"href":"https:\/\/www.greenwins.ch\/fr\/wp-json\/wp\/v2\/pages"}],"about":[{"href":"https:\/\/www.greenwins.ch\/fr\/wp-json\/wp\/v2\/types\/page"}],"author":[{"embeddable":true,"href":"https:\/\/www.greenwins.ch\/fr\/wp-json\/wp\/v2\/users\/1"}],"replies":[{"embeddable":true,"href":"https:\/\/www.greenwins.ch\/fr\/wp-json\/wp\/v2\/comments?post=22"}],"version-history":[{"count":57,"href":"https:\/\/www.greenwins.ch\/fr\/wp-json\/wp\/v2\/pages\/22\/revisions"}],"predecessor-version":[{"id":359,"href":"https:\/\/www.greenwins.ch\/fr\/wp-json\/wp\/v2\/pages\/22\/revisions\/359"}],"wp:attachment":[{"href":"https:\/\/www.greenwins.ch\/fr\/wp-json\/wp\/v2\/media?parent=22"}],"curies":[{"name":"wp","href":"https:\/\/api.w.org\/{rel}","templated":true}]}}