
{"id":20,"date":"2018-05-21T19:48:44","date_gmt":"2018-05-21T19:48:44","guid":{"rendered":"http:\/\/greenwins.com.br\/fr\/?page_id=20"},"modified":"2018-12-17T12:17:41","modified_gmt":"2018-12-17T12:17:41","slug":"fonctionnement","status":"publish","type":"page","link":"https:\/\/www.greenwins.ch\/fr\/fonctionnement\/","title":{"rendered":"COMMENT \u00c7A FONCTIONNE : RECYCLEZ ET GAGNEZ"},"content":{"rendered":"<div class=\"row\">\n<h2>COMMENT CELA FONCTIONNE? RECYCLEZ ET GAGNEZ!<\/h2>\n<\/div>\n<p>&nbsp;<\/p>\n<div class=\"row\">\n<div class=\"col-md-8 col-texto-como\"><img loading=\"lazy\" class=\"alignnone size-full wp-image-71\" src=\"http:\/\/greenwins.com.br\/pt\/wp-content\/uploads\/2017\/09\/icon-cadastre-1.jpg\" alt=\"\" width=\"185\" height=\"185\" \/><br \/>\n<span class=\"como\">INSCRIVEZ-VOUS POUR PARTICIPER<\/span>En suivant les dialogues pour l&rsquo;inscription, vous aurez acc\u00e8s aux r\u00e9compenses.<\/div>\n<div class=\"col-md-8 col-texto-como align-right\"><img loading=\"lazy\" class=\"alignnone size-full wp-image-71\" src=\"http:\/\/greenwins.com.br\/pt\/wp-content\/uploads\/2017\/09\/icon-deposite-1.jpg\" alt=\"\" width=\"185\" height=\"185\" \/><br \/>\n<span class=\"como\">D\u00c9POSEZ VOS D\u00c9CHETS<\/span>Vous d\u00e9posez le mat\u00e9riel indiqu\u00e9 dans la borne intelligente GreenWins\u2122.<\/div>\n<div class=\"col-md-8 col-texto-como col-deposite\"><img loading=\"lazy\" class=\"alignnone size-full wp-image-71\" src=\"http:\/\/greenwins.com.br\/pt\/wp-content\/uploads\/2017\/09\/icon-receba-1.jpg\" alt=\"\" width=\"185\" height=\"185\" \/><br \/>\n<span class=\"como\">RECEVEZ VOTRE R\u00c9COMPENSE<\/span>La borne vous invite \u00e0 choisir votre r\u00e9compense ou de participer \u00e0 un concours. Dans ce cas, un e-mail vous sera envoy\u00e9.<\/div>\n<\/div>\n","protected":false},"excerpt":{"rendered":"<p>COMMENT CELA FONCTIONNE? RECYCLEZ ET GAGNEZ! &nbsp; INSCRIVEZ-VOUS POUR PARTICIPEREn suivant les dialogues pour l&rsquo;inscription, vous aurez acc\u00e8s aux r\u00e9compenses. D\u00c9POSEZ VOS D\u00c9CHETSVous d\u00e9posez le mat\u00e9riel indiqu\u00e9 dans la borne intelligente GreenWins\u2122. RECEVEZ VOTRE R\u00c9COMPENSELa borne vous invite \u00e0 choisir votre r\u00e9compense ou de participer \u00e0 un concours. Dans ce cas, un e-mail vous sera [&hellip;]<\/p>\n","protected":false},"author":1,"featured_media":0,"parent":0,"menu_order":0,"comment_status":"closed","ping_status":"closed","template":"","meta":[],"acf":[],"_links":{"self":[{"href":"https:\/\/www.greenwins.ch\/fr\/wp-json\/wp\/v2\/pages\/20"}],"collection":[{"href":"https:\/\/www.greenwins.ch\/fr\/wp-json\/wp\/v2\/pages"}],"about":[{"href":"https:\/\/www.greenwins.ch\/fr\/wp-json\/wp\/v2\/types\/page"}],"author":[{"embeddable":true,"href":"https:\/\/www.greenwins.ch\/fr\/wp-json\/wp\/v2\/users\/1"}],"replies":[{"embeddable":true,"href":"https:\/\/www.greenwins.ch\/fr\/wp-json\/wp\/v2\/comments?post=20"}],"version-history":[{"count":16,"href":"https:\/\/www.greenwins.ch\/fr\/wp-json\/wp\/v2\/pages\/20\/revisions"}],"predecessor-version":[{"id":222,"href":"https:\/\/www.greenwins.ch\/fr\/wp-json\/wp\/v2\/pages\/20\/revisions\/222"}],"wp:attachment":[{"href":"https:\/\/www.greenwins.ch\/fr\/wp-json\/wp\/v2\/media?parent=20"}],"curies":[{"name":"wp","href":"https:\/\/api.w.org\/{rel}","templated":true}]}}