
{"id":18,"date":"2018-05-21T19:48:28","date_gmt":"2018-05-21T19:48:28","guid":{"rendered":"http:\/\/greenwins.com.br\/fr\/?page_id=18"},"modified":"2019-04-24T17:04:56","modified_gmt":"2019-04-24T17:04:56","slug":"nos-bornes","status":"publish","type":"page","link":"https:\/\/www.greenwins.ch\/fr\/nos-bornes\/","title":{"rendered":"NOS BORNES"},"content":{"rendered":"<div class=\"row\">\n<div class=\"col-md-3 col-totens\">\n<h3>SMALL<\/h3>\n<p><img loading=\"lazy\" class=\"alignnone size-full wp-image-26\" src=\"http:\/\/greenwins.com.br\/pt\/wp-content\/uploads\/2017\/09\/totem-smart2-2.jpg\" alt=\"\" width=\"277\" height=\"265\" \/><\/p>\n<p>Id\u00e9ale pour les petits mat\u00e9riaux et les actions marketing ponctuelles.<\/p>\n<\/div>\n<div class=\"col-md-3 col-totens\">\n<h3>PREMIUM<\/h3>\n<p><img loading=\"lazy\" class=\"alignnone wp-image-31 size-full\" src=\"http:\/\/greenwins.com.br\/pt\/wp-content\/uploads\/2017\/09\/totem-premium2-2.jpg\" alt=\"\" width=\"277\" height=\"265\" \/><\/p>\n<p>Indiqu\u00e9e pour les centres commerciaux ou les lieux publics o\u00f9 le nombre de clients rend l\u2019action int\u00e9ressante.<\/p>\n<\/div>\n<div class=\"col-md-3 col-totens\">\n<h3>EXPO<\/h3>\n<p><img loading=\"lazy\" class=\"alignnone wp-image-29 size-full\" src=\"http:\/\/greenwins.com.br\/pt\/wp-content\/uploads\/2017\/09\/totem-expo2-1-1.jpg\" alt=\"\" width=\"277\" height=\"265\" \/><\/p>\n<p>De taille plus grande, elle est capable de recevoir jusqu&rsquo;\u00e0 4 types de mat\u00e9riaux diff\u00e9rents. Id\u00e9ale pour les grands magasins, expositions, foires, ou autres \u00e9v\u00e9nements.<\/p>\n<\/div>\n<div class=\"col-md-3 col-totens\">\n<h3>MAXI<\/h3>\n<p><img loading=\"lazy\" class=\"alignnone wp-image-30 size-full\" src=\"http:\/\/greenwins.com.br\/pt\/wp-content\/uploads\/2017\/09\/totem-maxi2-2.jpg\" alt=\"\" width=\"277\" height=\"265\" \/><\/p>\n<p>De type conteneur, elle est capable de recevoir tous les types de d\u00e9chets recyclables &#8211; jusqu&rsquo;\u00e0 10 mat\u00e9riaux diff\u00e9rents. Peut \u00eatre install\u00e9e \u00e0 l&rsquo;ext\u00e9rieur.<\/p>\n<\/div>\n<\/div>\n<div class=\"row\">\n<div class=\"col-md-12 col-texto-totens\">\n<div class=\"icon-totens\"><img loading=\"lazy\" class=\"alignnone size-full wp-image-33\" src=\"http:\/\/greenwins.com.br\/pt\/wp-content\/uploads\/2017\/09\/totens-icon1-1.png\" alt=\"\" width=\"108\" height=\"107\" \/><\/div>\n<p><strong>Comment nos bornes intelligentes permettent \u00e0 votre entreprise d&rsquo;atteindre ses objectifs:<\/strong><\/p>\n<ul>\n<li>En collectant n\u2019importe quel type de d\u00e9chets recyclables et\/ou objets;<\/li>\n<li>En offrant un espace m\u00e9dia unique et des \u00ab tarifs verts \u00bb;<\/li>\n<li>En offrant une vari\u00e9t\u00e9 de r\u00e9compenses, y compris des points de fid\u00e9lit\u00e9;<\/li>\n<li>En r\u00e9alisant des programmes de RSE (sensibiliser, r\u00e9duire l&#8217;empreinte carbone, etc.);<\/li>\n<li>En renfor\u00e7ant votre image \u00ab\u00a0d\u00e9veloppement durable et \u00e9conomie circulaire \u00bb.<\/li>\n<\/ul>\n<\/div>\n<div class=\"col-md-12 col-texto-totens\">\n<div class=\"icon-totens\"><img loading=\"lazy\" class=\"alignnone size-full wp-image-33\" src=\"http:\/\/greenwins.com.br\/pt\/wp-content\/uploads\/2017\/09\/totens-icon2-1.png\" alt=\"\" width=\"108\" height=\"107\" \/><\/div>\n<p><strong>Un nouveau concept de marketing digital et de publicit\u00e9 qui permet de:<\/strong><\/p>\n<ul>\n<li>D\u00e9velopper de nouveaux concepts publicitaires;<\/li>\n<li>Diffuser \u00e0 l\u2019\u00e9cran des spots cibl\u00e9s, en utilisant des technologies telles que l\u2019Intelligence artificielle;<\/li>\n<li>G\u00e9n\u00e9rer de nouveaux prospects pour augmenter les ventes;<\/li>\n<li>Mesurer l\u2019impact de la publicit\u00e9 sur les clients;<\/li>\n<li>R\u00e9colter des informations utiles pour votre marque\/projet.<\/li>\n<\/ul>\n<\/div>\n<\/div>\n<div class=\"row\">\n<div class=\"col-md-6 col-carac-green\">\n<h2>Les bornes GreenWins\u2122<\/h2>\n<p><strong>Type de mat\u00e9riel<\/strong><br \/>\nChaque borne recueille un type de mat\u00e9riel \u00e0 recycler (canettes en alu, PET, gobelets, m\u00e9dicaments p\u00e9rim\u00e9s, piles, t\u00e9l\u00e9phones, capsules \u00e0 caf\u00e9, etc.).<\/p>\n<p><strong>\u00c9cran tactile<\/strong><br \/>\nUn grand \u00e9cran tactile offre la possibilit\u00e9 \u00e0 l\u2019annonceur de diffuser des spots publicitaires et d\u2019afficher ses propres dialogues.<\/p>\n<p><strong>Syst\u00e8me centralis\u00e9 de gestion<\/strong><br \/>\nRaccord\u00e9e \u00e0 un syst\u00e8me centralis\u00e9 de gestion, chaque borne peut \u00eatre surveill\u00e9e de fa\u00e7on individuelle. Les dialogues, les publicit\u00e9s et les r\u00e9compenses sont programmables en toute simplicit\u00e9 gr\u00e2ce \u00e0 notre soft.<\/p>\n<p><strong>Syst\u00e8me d\u2019alarme<\/strong><br \/>\nUn syst\u00e8me d\u2019alarme automatis\u00e9 avertit le gestionnaire si la borne est pleine ou en \u00e9ventuellement en panne.<\/p>\n<\/div>\n<div class=\"totem-nossos-totens\"><img loading=\"lazy\" class=\"alignnone size-full wp-image-48\" src=\"http:\/\/greenwins.com.br\/pt\/wp-content\/uploads\/2017\/09\/totem-nossos-totens-1.png\" alt=\"\" width=\"260\" height=\"605\" \/><\/div>\n<div class=\"col-md-5 col-carac-grey\">\n<p><strong>Application GreenWins\u2122 (en d\u00e9veloppement)<\/strong><br \/>\nChacun peut installer gratuitement l\u2019application GreenWins\u2122 sur son Smartphone et s\u2019enregistrer. D\u00e8s lors, il sera automatiquement reconnu par la borne et pourra directement d\u00e9poser son mat\u00e9riel.<\/p>\n<p><strong>Personnalisation<\/strong><br \/>\nLe type de bac de r\u00e9cup\u00e9ration et son volume sont d\u00e9finis en fonction des besoins du client et du type de mat\u00e9riel recycl\u00e9.<\/p>\n<p><strong>Options<\/strong><br \/>\nDiff\u00e9rentes options peuvent \u00eatre int\u00e9gr\u00e9es aux bornes : lecteur de cartes (par ex. RFID), lecteur de code-barres, imprimante pour les vouchers, appareil photo pour le mat\u00e9riel d\u00e9pos\u00e9, etc.<\/p>\n<\/div>\n<\/div>\n","protected":false},"excerpt":{"rendered":"<p>SMALL Id\u00e9ale pour les petits mat\u00e9riaux et les actions marketing ponctuelles. PREMIUM Indiqu\u00e9e pour les centres commerciaux ou les lieux publics o\u00f9 le nombre de clients rend l\u2019action int\u00e9ressante. EXPO De taille plus grande, elle est capable de recevoir jusqu&rsquo;\u00e0 4 types de mat\u00e9riaux diff\u00e9rents. Id\u00e9ale pour les grands magasins, expositions, foires, ou autres \u00e9v\u00e9nements. [&hellip;]<\/p>\n","protected":false},"author":1,"featured_media":0,"parent":0,"menu_order":0,"comment_status":"closed","ping_status":"closed","template":"","meta":[],"acf":[],"_links":{"self":[{"href":"https:\/\/www.greenwins.ch\/fr\/wp-json\/wp\/v2\/pages\/18"}],"collection":[{"href":"https:\/\/www.greenwins.ch\/fr\/wp-json\/wp\/v2\/pages"}],"about":[{"href":"https:\/\/www.greenwins.ch\/fr\/wp-json\/wp\/v2\/types\/page"}],"author":[{"embeddable":true,"href":"https:\/\/www.greenwins.ch\/fr\/wp-json\/wp\/v2\/users\/1"}],"replies":[{"embeddable":true,"href":"https:\/\/www.greenwins.ch\/fr\/wp-json\/wp\/v2\/comments?post=18"}],"version-history":[{"count":15,"href":"https:\/\/www.greenwins.ch\/fr\/wp-json\/wp\/v2\/pages\/18\/revisions"}],"predecessor-version":[{"id":253,"href":"https:\/\/www.greenwins.ch\/fr\/wp-json\/wp\/v2\/pages\/18\/revisions\/253"}],"wp:attachment":[{"href":"https:\/\/www.greenwins.ch\/fr\/wp-json\/wp\/v2\/media?parent=18"}],"curies":[{"name":"wp","href":"https:\/\/api.w.org\/{rel}","templated":true}]}}