
{"id":153,"date":"2018-09-06T15:20:43","date_gmt":"2018-09-06T15:20:43","guid":{"rendered":"http:\/\/greenwins.com.br\/fr\/?page_id=153"},"modified":"2019-04-24T18:06:07","modified_gmt":"2019-04-24T18:06:07","slug":"investisseurs","status":"publish","type":"page","link":"https:\/\/www.greenwins.ch\/fr\/investisseurs\/","title":{"rendered":"INVESTISSEURS"},"content":{"rendered":"<div class=\"investor\">\n<img class=\"size-medium wp-image-179 alignleft\" src=\"http:\/\/greenwins.com.br\/en\/wp-content\/uploads\/2018\/08\/02-Borne-188x300.jpg\" alt=\"\" \/><\/p>\n<p style=\"text-align: left;\"><strong>Investisseur?<\/strong><br \/>\nNous recherchons des investisseurs sensibles au progr\u00e8s technologique, \u00e0 la science du comportement et \u00e0 l&rsquo;\u00e9conomie circulaire et pr\u00eats \u00e0 exp\u00e9rimenter l&rsquo;Intelligence artificielle, de nouveaux concepts et de nouveaux mod\u00e8les commerciaux.<\/p>\n<p style=\"text-align: left;\"><strong>Partnenaire?<\/strong><br \/>\nNous d\u00e9veloppons des solutions GreenWins<sup>\u2122<\/sup> cl\u00e9s en main avec nos partenaires et clients. Contactez-nous pour en savoir plus sur nos progr\u00e8s actuels afin de cr\u00e9er de nouvelles synergies.<\/p>\n<p style=\"text-align: left;\"><strong>Sponsor?<\/strong><br \/>\nLes sponsors qui adoptent les bornes GreenWins\u2122 auront l\u2019opportunit\u00e9 d\u2019exposer la marque de leur entreprise \u00e0 un nouveau public et d&rsquo;\u00eatre mentionn\u00e9s dans toutes les campagnes de communication que nous allons mener.<\/p>\n<\/div>\n<h2>Example de Sponsoring\u00a0pour un collecteur \u00e0 gobelets r\u00e9utilisables<\/h2>\n<p><img loading=\"lazy\" class=\"alignnone size-full wp-image-512\" src=\"http:\/\/greenwins.com.br\/pt\/wp-content\/uploads\/2019\/04\/investidores.jpg\" alt=\"\" width=\"100%\" height=\"auto\" \/><\/p>\n<ul class=\"li-out\">\n<li>Les logos sur les sites web de GreenWins\u2122 \/ ecomanif\u00ae;<\/li>\n<li>La communication dans la presse;<\/li>\n<li>Les offres des partenaires;<\/li>\n<li>Les annonces publicitaires sur l\u2019\u00e9cran (Argent, Or, et PLATINE);<\/li>\n<li>Le branding des totems (si PLATINE, en exclusivit\u00e9);<\/li>\n<li>Le choix des manifestations d\u2019ecomanif\u00ae;<\/li>\n<li>Les donn\u00e9es collect\u00e9es depuis les bornes.<\/li>\n<\/ul>\n<p><strong>\u00c9crivez-nous sans tarder, pour recevoir une offre sp\u00e9ciale.<\/strong><\/p>\n","protected":false},"excerpt":{"rendered":"<p>Investisseur? Nous recherchons des investisseurs sensibles au progr\u00e8s technologique, \u00e0 la science du comportement et \u00e0 l&rsquo;\u00e9conomie circulaire et pr\u00eats \u00e0 exp\u00e9rimenter l&rsquo;Intelligence artificielle, de nouveaux concepts et de nouveaux mod\u00e8les commerciaux. Partnenaire? Nous d\u00e9veloppons des solutions GreenWins\u2122 cl\u00e9s en main avec nos partenaires et clients. Contactez-nous pour en savoir plus sur nos progr\u00e8s actuels [&hellip;]<\/p>\n","protected":false},"author":1,"featured_media":0,"parent":0,"menu_order":0,"comment_status":"closed","ping_status":"closed","template":"","meta":[],"acf":[],"_links":{"self":[{"href":"https:\/\/www.greenwins.ch\/fr\/wp-json\/wp\/v2\/pages\/153"}],"collection":[{"href":"https:\/\/www.greenwins.ch\/fr\/wp-json\/wp\/v2\/pages"}],"about":[{"href":"https:\/\/www.greenwins.ch\/fr\/wp-json\/wp\/v2\/types\/page"}],"author":[{"embeddable":true,"href":"https:\/\/www.greenwins.ch\/fr\/wp-json\/wp\/v2\/users\/1"}],"replies":[{"embeddable":true,"href":"https:\/\/www.greenwins.ch\/fr\/wp-json\/wp\/v2\/comments?post=153"}],"version-history":[{"count":16,"href":"https:\/\/www.greenwins.ch\/fr\/wp-json\/wp\/v2\/pages\/153\/revisions"}],"predecessor-version":[{"id":269,"href":"https:\/\/www.greenwins.ch\/fr\/wp-json\/wp\/v2\/pages\/153\/revisions\/269"}],"wp:attachment":[{"href":"https:\/\/www.greenwins.ch\/fr\/wp-json\/wp\/v2\/media?parent=153"}],"curies":[{"name":"wp","href":"https:\/\/api.w.org\/{rel}","templated":true}]}}