
{"id":150,"date":"2018-09-06T15:19:46","date_gmt":"2018-09-06T15:19:46","guid":{"rendered":"http:\/\/greenwins.com.br\/fr\/?page_id=150"},"modified":"2019-04-24T14:56:23","modified_gmt":"2019-04-24T14:56:23","slug":"concept","status":"publish","type":"page","link":"https:\/\/www.greenwins.ch\/fr\/concept\/","title":{"rendered":"CONCEPT"},"content":{"rendered":"<h2>Nous souhaiterions vous rencontrer pour vous d\u00e9montrer de quelle mani\u00e8re les bornes GreenWins\u2122 peuvent \u00eatre utiles pour votre entreprise et vos clients.<\/h2>\n<h3>GreenWins\u2122 en 5 \u00e9tapes gagnantes :<\/h3>\n<ol class=\"li-out\">\n<li>\u00c9tude de cas de l&rsquo;entreprise, de l&rsquo;organisation, de la commune.<\/li>\n<li>Proposition de projet et signature du contrat.<\/li>\n<li>Installation des bornes et formation du personnel pour l\u2019utilisation du logiciel.<\/li>\n<li>Surveillance \u00e0 distance et services sur place (maintenance, collecte de d\u00e9chets, gestion des donn\u00e9es, etc.).<\/li>\n<li>Cr\u00e9ation d\u2019une valeur ajout\u00e9e via les \u00e9conomies g\u00e9n\u00e9r\u00e9es et une exp\u00e9rience client nouvelle.<\/li>\n<\/ol>\n<h3>Comment cela fonctionne :<\/h3>\n<ul class=\"li-out\">\n<li>Si vous souhaitez h\u00e9berger la borne GreenWins\u2122, nous proposons des forfaits pour les h\u00f4tes et vendons l&rsquo;espace publicitaire \u00e0 des tiers, g\u00e9n\u00e9ralement des \u00ab annonceurs \u00e9coresponsables \u00bb.<\/li>\n<li>Si vous \u00eates un annonceur \u00e0 la recherche de nouveaux canaux de marketing, nous vous proposons des options attractives dans l&rsquo;esprit des \u00ab tarifs verts \u00bb.<\/li>\n<li>Si vous h\u00e9bergez la borne et faites de la publicit\u00e9 de vos produits et services avec GreenWins\u2122, nous vous offrons la borne gratuitement et vous avez acc\u00e8s \u00e0 des offres marketing sp\u00e9ciales.<\/li>\n<li>Nous pouvons \u00e9galement d\u00e9velopper avec vous une solution sur mesure !<\/li>\n<\/ul>\n<h3><strong>Devenez acteur de l\u2019\u00e9conomie circulaire avec GreenWins<\/strong><strong>\u2122<\/strong><strong>\u00a0!<\/strong><\/h3>\n<p><img loading=\"lazy\" class=\"alignnone wp-image-172\" src=\"http:\/\/greenwins.com.br\/en\/wp-content\/uploads\/2018\/08\/01_EXPO_2.jpg\" alt=\"\" width=\"100%\" height=\"auto\" \/><\/p>\n","protected":false},"excerpt":{"rendered":"<p>Nous souhaiterions vous rencontrer pour vous d\u00e9montrer de quelle mani\u00e8re les bornes GreenWins\u2122 peuvent \u00eatre utiles pour votre entreprise et vos clients. GreenWins\u2122 en 5 \u00e9tapes gagnantes : \u00c9tude de cas de l&rsquo;entreprise, de l&rsquo;organisation, de la commune. Proposition de projet et signature du contrat. Installation des bornes et formation du personnel pour l\u2019utilisation du [&hellip;]<\/p>\n","protected":false},"author":1,"featured_media":0,"parent":0,"menu_order":0,"comment_status":"closed","ping_status":"closed","template":"","meta":[],"acf":[],"_links":{"self":[{"href":"https:\/\/www.greenwins.ch\/fr\/wp-json\/wp\/v2\/pages\/150"}],"collection":[{"href":"https:\/\/www.greenwins.ch\/fr\/wp-json\/wp\/v2\/pages"}],"about":[{"href":"https:\/\/www.greenwins.ch\/fr\/wp-json\/wp\/v2\/types\/page"}],"author":[{"embeddable":true,"href":"https:\/\/www.greenwins.ch\/fr\/wp-json\/wp\/v2\/users\/1"}],"replies":[{"embeddable":true,"href":"https:\/\/www.greenwins.ch\/fr\/wp-json\/wp\/v2\/comments?post=150"}],"version-history":[{"count":11,"href":"https:\/\/www.greenwins.ch\/fr\/wp-json\/wp\/v2\/pages\/150\/revisions"}],"predecessor-version":[{"id":252,"href":"https:\/\/www.greenwins.ch\/fr\/wp-json\/wp\/v2\/pages\/150\/revisions\/252"}],"wp:attachment":[{"href":"https:\/\/www.greenwins.ch\/fr\/wp-json\/wp\/v2\/media?parent=150"}],"curies":[{"name":"wp","href":"https:\/\/api.w.org\/{rel}","templated":true}]}}